{"id":492,"date":"2024-12-23T16:46:46","date_gmt":"2024-12-23T16:46:46","guid":{"rendered":"https:\/\/skanvie.hr\/?page_id=492"},"modified":"2024-12-23T16:55:10","modified_gmt":"2024-12-23T16:55:10","slug":"cookies","status":"publish","type":"page","link":"https:\/\/skanvie.hr\/fr\/cookies\/","title":{"rendered":"Politique en mati\u00e8re de cookies"},"content":{"rendered":"<div data-elementor-type=\"wp-page\" data-elementor-id=\"492\" class=\"elementor elementor-492\" data-elementor-post-type=\"page\">\n\t\t\t\t<div class=\"elementor-element elementor-element-a0caec8 e-flex e-con-boxed e-con e-parent\" data-id=\"a0caec8\" data-element_type=\"container\" data-e-type=\"container\">\n\t\t\t\t\t<div class=\"e-con-inner\">\n\t\t\t\t<div class=\"elementor-element elementor-element-850283f elementor-widget elementor-widget-text-editor\" data-id=\"850283f\" data-element_type=\"widget\" data-e-type=\"widget\" data-widget_type=\"text-editor.default\">\n\t\t\t\t<div class=\"elementor-widget-container\">\n\t\t\t\t\t\t\t\t\t<h2><strong>Politique en mati\u00e8re de cookies\u00a0<\/strong><\/h2><h3><strong>1. Types de cookies utilis\u00e9s<\/strong><\/h3><p>Nous utilisons les types de cookies suivants sur notre site web :<\/p><h4><strong>1.1 Cookies n\u00e9cessaires<\/strong><\/h4><ul><li><code>wpEmojiSettingsSupports<\/code> (Domaine : skanvie.hr) : Assure l'affichage correct des emojis.<ul><li><strong>Dur\u00e9e de l'enqu\u00eate :<\/strong> Session<\/li><li><strong>Type :<\/strong> N\u00e9cessaire<\/li><\/ul><\/li><\/ul><h4><strong>1.2 Cookies analytiques<\/strong><\/h4><ul><li><strong>Google Analytics<\/strong>: Trace l'utilisation du site web afin d'am\u00e9liorer les services.<\/li><\/ul><hr \/><h3><strong>2. Consentement et retrait<\/strong><\/h3><ul><li>Les utilisateurs acceptent les cookies par l'interm\u00e9diaire de la banni\u00e8re de cookies affich\u00e9e lorsqu'ils visitent le site web.<\/li><li>Le consentement peut \u00eatre retir\u00e9 ou modifi\u00e9 \u00e0 tout moment en utilisant le formulaire de consentement. <strong>Param\u00e8tres des cookies<\/strong> disponible sur le site web.<\/li><\/ul><hr \/><h3><strong>3. Liste des cookies<\/strong><\/h3><table><thead><tr><th><strong>Nom du cookie<\/strong><\/th><th><strong>Domaine<\/strong><\/th><th><strong>Objectif<\/strong><\/th><th><strong>Dur\u00e9e de l'accord<\/strong><\/th><th><strong>Type<\/strong><\/th><\/tr><\/thead><tbody><tr><td><code>wpEmojiSettingsSupports<\/code><\/td><td>skanvie.hr<\/td><td>Assure l'affichage correct des emojis.<\/td><td>Session<\/td><td>N\u00e9cessaire<\/td><\/tr><\/tbody><\/table><hr \/><h3><strong>4. Informations sur les contacts<\/strong><\/h3><p>Pour toute question relative aux cookies, veuillez contacter<\/p><ul><li><strong>Courriel :<\/strong> <a href=\"mailto:antho@brickandbytes.com\">antho@brickandbytes.com<\/a><\/li><li><strong>Adresse :<\/strong> Brn\u010di\u0107i 21A, 51211 Matulji, Croatie<\/li><\/ul><hr \/><h2><strong>Politique de cookies\u00a0<\/strong><\/h2><h3><strong>1. Types de cookies utilis\u00e9s<\/strong><\/h3><p>Nous utilisons les types de cookies suivants sur notre site web :<\/p><h4><strong>1.1 Cookies n\u00e9cessaires<\/strong><\/h4><ul><li><code>wpEmojiSettingsSupports<\/code> (Domaine : skanvie.hr) : Assure un affichage correct des emojis.<ul><li><strong>Dur\u00e9e :<\/strong> Session<\/li><li><strong>Type :<\/strong> N\u00e9cessaire<\/li><\/ul><\/li><\/ul><h4><strong>1.2 Cookies d'analyse<\/strong><\/h4><ul><li><strong>Google Analytics<\/strong> : Suit l'utilisation du site pour am\u00e9liorer nos services.<\/li><\/ul><hr \/><h3><strong>2. Consentement et retrait<\/strong><\/h3><ul><li>Les utilisateurs donnent leur consentement via la banni\u00e8re de cookies affich\u00e9e lors de leur visite sur le site.<\/li><li>Le consentement peut \u00eatre retir\u00e9 ou modifi\u00e9 \u00e0 tout moment en utilisant le lien <strong>Param\u00e8tres des cookies<\/strong> disponible sur le site.<\/li><\/ul><hr \/><h3><strong>3. Liste des cookies<\/strong><\/h3><table><thead><tr><th><strong>Nom du cookie<\/strong><\/th><th><strong>Domaine<\/strong><\/th><th><strong>Objectif<\/strong><\/th><th><strong>Dur\u00e9e<\/strong><\/th><th><strong>Type<\/strong><\/th><\/tr><\/thead><tbody><tr><td><code>wpEmojiSettingsSupports<\/code><\/td><td>skanvie.hr<\/td><td>Assure un affichage correct des emojis.<\/td><td>Session<\/td><td>N\u00e9cessaire<\/td><\/tr><\/tbody><\/table><hr \/><h3><strong>4. Contact<\/strong><\/h3><p>Pour toute question relative aux cookies, veuillez contacter :<\/p><ul><li><strong>Courriel :<\/strong> <a href=\"mailto:antho@brickandbytes.com\">antho@brickandbytes.com<\/a><\/li><li><strong>Adresse :<\/strong> Brn\u010di\u0107i 21A, 51211 Matulji, Croatie<\/li><\/ul><hr \/><h2><strong>Politika kola\u010di\u0107a\u00a0<\/strong><\/h2><h3><strong>1. Vrste kola\u010di\u0107a koje koristimo<\/strong><\/h3><p>Koristimo sljede\u0107e vrste kola\u010di\u0107a na na\u0161oj web stranici :<\/p><h4><strong>1.1 Neophodni kola\u010di\u0107i<\/strong><\/h4><ul><li><code>wpEmojiSettingsSupports<\/code> (Domena : skanvie.hr) : Osigurava pravilno prikazivanje emojija.<ul><li><strong>Trajanje :<\/strong> Sesija<\/li><li><strong>Vrsta :<\/strong> Neophodno<\/li><\/ul><\/li><\/ul><h4><strong>1.2 Analiti\u010dki kola\u010di\u0107i<\/strong><\/h4><ul><li><strong>Google Analytics<\/strong>: Les services d'information sur le web pour les entreprises.<\/li><\/ul><hr \/><h3><strong>2. Suglasnost i povla\u010denje<\/strong><\/h3><ul><li>Korisnici daju pristanak putem bannera za kola\u010di\u0107e prikazanog prilikom posjeta web stranici.<\/li><li>L'objectif est d'am\u00e9liorer la qualit\u00e9 de vie des personnes \u00e2g\u00e9es en les aidant \u00e0 se sentir plus \u00e0 l'aise dans leur travail. <strong>Postavke kola\u010di\u0107a<\/strong> dostupne na web stranici.<\/li><\/ul><hr \/><h3><strong>3. Popis kola\u010di\u0107a<\/strong><\/h3><table><thead><tr><th><strong>Ime kola\u010di\u0107a<\/strong><\/th><th><strong>Domena<\/strong><\/th><th><strong>Svrha<\/strong><\/th><th><strong>Trajanje<\/strong><\/th><th><strong>Vrsta<\/strong><\/th><\/tr><\/thead><tbody><tr><td><code>wpEmojiSettingsSupports<\/code><\/td><td>skanvie.hr<\/td><td>Les \u00e9motic\u00f4nes ne sont pas toujours faciles \u00e0 reconna\u00eetre.<\/td><td>Sesija<\/td><td>Neophodno<\/td><\/tr><\/tbody><\/table><hr \/><h3><strong>4. Contact<\/strong><\/h3><p>Za pitanja vezana uz kola\u010di\u0107e, molimo kontaktirajte :<\/p><ul><li><strong>Courriel :<\/strong> <a href=\"mailto:antho@brickandbytes.com\">antho@brickandbytes.com<\/a><\/li><li><strong>Adresa :<\/strong> Brn\u010di\u0107i 21A, 51211 Matulji, Hrvatska<\/li><\/ul>\t\t\t\t\t\t\t\t<\/div>\n\t\t\t\t<\/div>\n\t\t\t\t\t<\/div>\n\t\t\t\t<\/div>\n\t\t\t\t<\/div>","protected":false},"excerpt":{"rendered":"<p>Cookie Policy\u00a0 1. Types of Cookies Used We use the following types of cookies on our website: 1.1 Necessary Cookies wpEmojiSettingsSupports (Domain: skanvie.hr): Ensures proper display of emojis. Duration: Session Type: Necessary 1.2 Analytics Cookies Google Analytics: Tracks website usage for improving services. 2. Consent and Withdrawal Users consent to cookies via the cookie banner [&hellip;]<\/p>\n","protected":false},"author":2,"featured_media":0,"parent":0,"menu_order":0,"comment_status":"closed","ping_status":"closed","template":"","meta":{"nf_dc_page":"","om_disable_all_campaigns":false,"footnotes":""},"class_list":["post-492","page","type-page","status-publish","hentry"],"_links":{"self":[{"href":"https:\/\/skanvie.hr\/fr\/wp-json\/wp\/v2\/pages\/492","targetHints":{"allow":["GET"]}}],"collection":[{"href":"https:\/\/skanvie.hr\/fr\/wp-json\/wp\/v2\/pages"}],"about":[{"href":"https:\/\/skanvie.hr\/fr\/wp-json\/wp\/v2\/types\/page"}],"author":[{"embeddable":true,"href":"https:\/\/skanvie.hr\/fr\/wp-json\/wp\/v2\/users\/2"}],"replies":[{"embeddable":true,"href":"https:\/\/skanvie.hr\/fr\/wp-json\/wp\/v2\/comments?post=492"}],"version-history":[{"count":5,"href":"https:\/\/skanvie.hr\/fr\/wp-json\/wp\/v2\/pages\/492\/revisions"}],"predecessor-version":[{"id":509,"href":"https:\/\/skanvie.hr\/fr\/wp-json\/wp\/v2\/pages\/492\/revisions\/509"}],"wp:attachment":[{"href":"https:\/\/skanvie.hr\/fr\/wp-json\/wp\/v2\/media?parent=492"}],"curies":[{"name":"wp","href":"https:\/\/api.w.org\/{rel}","templated":true}]}}